{"id":19316,"date":"2022-06-08T19:15:48","date_gmt":"2022-06-08T19:15:48","guid":{"rendered":"https:\/\/degitore.pro\/versandpolitik\/"},"modified":"2023-07-19T14:03:17","modified_gmt":"2023-07-19T14:03:17","slug":"versandpolitik","status":"publish","type":"page","link":"https:\/\/degitore.pro\/de\/versandpolitik\/","title":{"rendered":"Versandpolitik"},"content":{"rendered":"<p style=\"text-align: center;\"><b>Degitore <\/b>hat schon immer ein besonderes Augenmerk auf die Bed\u00fcrfnisse und W\u00fcnsche seiner Kunden gelegt. Wir haben uns stets darum bem\u00fcht, die wirksamsten L\u00f6sungen f\u00fcr diese Bed\u00fcrfnisse zu finden.<\/p>\n<h2 style=\"text-align: center;\"><strong>LIEFERUNG INNERHALB VON SEKUNDEN NACH KAUFBEST\u00c4TIGUNG<\/strong><\/h2>\n<p style=\"text-align: center;\">By purchasing on our site, <strong>you can now receive the purchased product within seconds<\/strong> of payment validation. Wir haben eigens ein Tool entwickelt, mit dem wir unsere Lizenzen innerhalb weniger Sekunden ausstellen k\u00f6nnen.<\/p>\n<h3 style=\"text-align: center;\">WO ERHALTE ICH MEINE BESTELLUNG?<\/h3>\n<p style=\"text-align: center;\">Das Produkt wird innerhalb von Sekunden direkt per E-Mail geliefert, <strong>wodurch die Umweltbelastung durch den Versand physischer Waren vermieden wird<\/strong>. Sie erhalten das Produkt dann innerhalb von Sekunden in Ihrem Briefkasten. Sie erhalten die Originallizenz und alle notwendigen Anweisungen f\u00fcr eine schnelle und einfache Installation.<\/p>\n<p style=\"text-align: center;\">*n\/b. Die Lieferung kann sich um bis zu einige Stunden verz\u00f6gern, wenn das Produkt nicht mehr vorr\u00e4tig ist. Wenn Sie die E-Mail nicht erhalten, \u00fcberpr\u00fcfen Sie Ihren Spam-Ordner.<\/p>\n<p style=\"text-align: center;\"><strong>R\u00fcckerstattung, R\u00fcckgabe und Umtausch<\/strong><br \/>\nWir akzeptieren R\u00fccksendungen bis zu 14 Tage nach der Lieferung, wenn der Artikel unbenutzt und in seinem urspr\u00fcnglichen Zustand ist, und wir erstatten den vollen Bestellbetrag abz\u00fcglich der Versandkosten f\u00fcr die R\u00fccksendung.<br \/>\nIn the event that your order arrives damaged in any way, please email us as soon as possible at <strong>support@degitore.pro<\/strong> with your order number and a photo of the item\u2019s condition. Wir behandeln diese Fragen von Fall zu Fall, werden aber unser Bestes tun, um eine zufriedenstellende L\u00f6sung zu finden. Pr\u00fcfen Sie unsere Erstattungspolitik<\/p>\n<h3 style=\"text-align: center;\"><strong>WAS WERDE ICH NACH DEM KAUF ERHALTEN?<\/strong><\/h3>\n<ul style=\"text-align: center;\">\n<li>Der Code (Produktschl\u00fcssel) gilt f\u00fcr 1 PC, mit lebenslanger G\u00fcltigkeit, einschlie\u00dflich Updates.<\/li>\n<li>Mehrsprachige Lizenz<\/li>\n<li>Einfache und schnelle Installationsanweisungen<\/li>\n<li>Kostenlose Unterst\u00fctzung<\/li>\n<li>Rechnung<\/li>\n<\/ul>\n<h3 style=\"text-align: center;\">WAS KANN ICH TUN, WENN ICH MEINE BESTELLUNG NICHT ERHALTEN HABE?<\/h3>\n<p style=\"text-align: center;\"><strong>Keine Sorge<\/strong>, wir sind immer in der Lage und bereit, Ihnen zu helfen. Wenden Sie sich einfach an unseren Kundendienst und unser Team steht Ihnen sofort zur Verf\u00fcgung.<\/p>\n<p style=\"text-align: center;\">* \u00dcberpr\u00fcfen Sie Ihren Spam-Ordner, manchmal landen E-Mails in Ihrem Junk-Mail-Ordner.<\/p>\n<p style=\"text-align: center;\">Montag bis Sonntag: 9:30-18:30 Uhr<\/p>\n<p style=\"text-align: center;\">Email Address : Support@degitore.pro<\/p>\n<p style=\"text-align: center;\">Telephone Number : +1 (585) 653-7682<\/p>\n<p style=\"text-align: center;\">179-17 149th Avenue,<br \/>\nQueens, NY 11434,<br \/>\nUnited States<\/p>\n","protected":false},"excerpt":{"rendered":"<p>Degitore hat schon immer ein besonderes Augenmerk auf die Bed\u00fcrfnisse und W\u00fcnsche seiner Kunden gelegt. Wir haben uns stets darum<\/p>\n","protected":false},"author":1,"featured_media":0,"parent":0,"menu_order":0,"comment_status":"closed","ping_status":"closed","template":"","meta":{"om_disable_all_campaigns":false,"_uf_show_specific_survey":0,"_uf_disable_surveys":false,"footnotes":""},"class_list":["post-19316","page","type-page","status-publish","hentry"],"_links":{"self":[{"href":"https:\/\/degitore.pro\/de\/wp-json\/wp\/v2\/pages\/19316","targetHints":{"allow":["GET"]}}],"collection":[{"href":"https:\/\/degitore.pro\/de\/wp-json\/wp\/v2\/pages"}],"about":[{"href":"https:\/\/degitore.pro\/de\/wp-json\/wp\/v2\/types\/page"}],"author":[{"embeddable":true,"href":"https:\/\/degitore.pro\/de\/wp-json\/wp\/v2\/users\/1"}],"replies":[{"embeddable":true,"href":"https:\/\/degitore.pro\/de\/wp-json\/wp\/v2\/comments?post=19316"}],"version-history":[{"count":1,"href":"https:\/\/degitore.pro\/de\/wp-json\/wp\/v2\/pages\/19316\/revisions"}],"predecessor-version":[{"id":19867,"href":"https:\/\/degitore.pro\/de\/wp-json\/wp\/v2\/pages\/19316\/revisions\/19867"}],"wp:attachment":[{"href":"https:\/\/degitore.pro\/de\/wp-json\/wp\/v2\/media?parent=19316"}],"curies":[{"name":"wp","href":"https:\/\/api.w.org\/{rel}","templated":true}]}}