{"id":19323,"date":"2022-06-08T21:13:02","date_gmt":"2022-06-08T21:13:02","guid":{"rendered":"https:\/\/degitore.pro\/erstattungspolitik\/"},"modified":"2023-07-19T13:59:55","modified_gmt":"2023-07-19T13:59:55","slug":"erstattungspolitik","status":"publish","type":"page","link":"https:\/\/degitore.pro\/de\/erstattungspolitik\/","title":{"rendered":"Erstattungspolitik"},"content":{"rendered":"<p>Unsere Police gilt 14 Tage lang. Wenn seit Ihrem Kauf 14 Tage vergangen sind, k\u00f6nnen wir Ihnen leider weder eine R\u00fcckerstattung noch einen Umtausch anbieten.<\/p>\n<p>Um f\u00fcr eine R\u00fcckerstattung in Frage zu kommen, muss Ihr Artikel unbenutzt sein und sich in demselben Zustand befinden, in dem Sie ihn erhalten haben. Gegebenenfalls muss es sich auch in der Originalverpackung befinden. Die digitalen Produkte k\u00f6nnen nur zur\u00fcckgegeben werden, wenn Sie eine Erkl\u00e4rung \u00fcber die Nichtbenutzung des gekauften Produkts unterzeichnet haben.<br \/>\nF\u00fcr digitale Produkte, die bereits installiert und\/oder aktiviert wurden, besteht kein Anspruch auf R\u00fcckerstattung.<\/p>\n<p>Um Ihre R\u00fcckerstattung abzuschlie\u00dfen, ben\u00f6tigen wir eine Quittung oder einen Kaufbeleg.<\/p>\n<p>Bitte senden Sie Ihren Kauf nicht an den Hersteller zur\u00fcck.<\/p>\n<p>Es gibt bestimmte Situationen, in denen nur Teilerstattungen gew\u00e4hrt werden (falls zutreffend)<br \/>\nJeder Artikel, der sich nicht im Originalzustand befindet, gebraucht ist oder dem Teile aus Gr\u00fcnden fehlen, die nicht auf unseren Fehler zur\u00fcckzuf\u00fchren sind<\/p>\n<p>Versp\u00e4tete oder fehlende Erstattungen (falls zutreffend)<br \/>\nWenn Sie noch keine R\u00fcckerstattung erhalten haben, pr\u00fcfen Sie zun\u00e4chst Ihr Bankkonto erneut.<br \/>\nWenden Sie sich dann an Ihr Kreditkartenunternehmen, denn es kann einige Zeit dauern, bis Ihre R\u00fcckerstattung offiziell verbucht wird.<br \/>\nWenden Sie sich dann an Ihre Bank. Bis eine Erstattung verbucht wird, vergeht oft eine gewisse Bearbeitungszeit.<br \/>\nIf you\u2019ve done all of this and you still have not received your refund yet, please contact us at support@degitore.pro.<\/p>\n<p>Umtausch (falls zutreffend)<br \/>\nWir ersetzen nur Artikel, wenn sie defekt oder gebraucht sind. If you need to exchange it for the same item, send us an email at support@degitore.pro or send your item to: 179-17 149th Avenue, Queens,NY 11434<\/p>\n<p>Versand<br \/>\nTo return your product, send it back to us at: support@degitore.pro<\/p>\n<p><strong>Abwicklung der Erstattungen innerhalb von 14 Tagen<\/strong><\/p>\n<p>Sollten Sie aus irgendeinem Grund innerhalb von 14 Tagen nach dem Kaufdatum entscheiden, dass Sie das gekaufte Produkt nicht mehr ben\u00f6tigen, haben Sie Anspruch auf eine vollst\u00e4ndige R\u00fcckerstattung Ihrer Bestellung. Wenn Sie ein Produkt innerhalb der 14-t\u00e4gigen Frist zur\u00fcckgeben m\u00f6chten, gehen Sie bitte wie folgt vor<\/p>\n<p>*Hinweis: Produkte, die bereits benutzt wurden, sind von der R\u00fcckgabe ausgeschlossen.<\/p>\n<ol>\n<li>Senden Sie uns einen Antrag auf R\u00fcckerstattung mit den Informationen zu Ihrer Bestellung (z.B. Bestellnummer, Telefonnummer, Screenshot der Rechnung). Please, email it to: support@degitore.pro<\/li>\n<li>Nachdem wir Ihre Anfrage erhalten und Ihre Bestellung verfolgt haben, stellen wir Ihnen ein Formular f\u00fcr eine Nichtverwendungserkl\u00e4rung aus, in das Sie Ihre pers\u00f6nlichen Daten und Ihre Bestelldaten eintragen.<\/li>\n<li>Nach Erhalt der Unbedenklichkeitserkl\u00e4rung bearbeiten wir Ihre R\u00fccksendung und erstatten das Produkt innerhalb von 48 Stunden.<\/li>\n<li>Bitte denken Sie daran, dass das Datum des Geldeingangs von der Bank abh\u00e4ngt, aber es sollte Sie innerhalb von 5-7 Werktagen erreichen.<\/li>\n<\/ol>\n<p>If you did not receive a return label please send an e-mail to support@degitore.pro<\/p>\n<p>Bitte beachten Sie! If you have received a faulty product, it is important that you send an e-mail to support@degitore.pro before returning your order.<\/p>\n<p>Wir k\u00f6nnen Ihnen dann bei der Abwicklung der R\u00fccksendung helfen und eine geeignete L\u00f6sung finden.<br \/>\nNOTE: If your order has not been purchased via www.degitore.pro the return policy applied of the shop where you did purchase the product.<\/p>\n","protected":false},"excerpt":{"rendered":"<p>Unsere Police gilt 14 Tage lang. Wenn seit Ihrem Kauf 14 Tage vergangen sind, k\u00f6nnen wir Ihnen leider weder eine<\/p>\n","protected":false},"author":1,"featured_media":0,"parent":0,"menu_order":0,"comment_status":"closed","ping_status":"closed","template":"","meta":{"om_disable_all_campaigns":false,"_uf_show_specific_survey":0,"_uf_disable_surveys":false,"footnotes":""},"class_list":["post-19323","page","type-page","status-publish","hentry"],"aioseo_notices":[],"_links":{"self":[{"href":"https:\/\/degitore.pro\/de\/wp-json\/wp\/v2\/pages\/19323","targetHints":{"allow":["GET"]}}],"collection":[{"href":"https:\/\/degitore.pro\/de\/wp-json\/wp\/v2\/pages"}],"about":[{"href":"https:\/\/degitore.pro\/de\/wp-json\/wp\/v2\/types\/page"}],"author":[{"embeddable":true,"href":"https:\/\/degitore.pro\/de\/wp-json\/wp\/v2\/users\/1"}],"replies":[{"embeddable":true,"href":"https:\/\/degitore.pro\/de\/wp-json\/wp\/v2\/comments?post=19323"}],"version-history":[{"count":1,"href":"https:\/\/degitore.pro\/de\/wp-json\/wp\/v2\/pages\/19323\/revisions"}],"predecessor-version":[{"id":19864,"href":"https:\/\/degitore.pro\/de\/wp-json\/wp\/v2\/pages\/19323\/revisions\/19864"}],"wp:attachment":[{"href":"https:\/\/degitore.pro\/de\/wp-json\/wp\/v2\/media?parent=19323"}],"curies":[{"name":"wp","href":"https:\/\/api.w.org\/{rel}","templated":true}]}}