{"id":19329,"date":"2022-08-09T15:48:51","date_gmt":"2022-08-09T15:48:51","guid":{"rendered":"https:\/\/degitore.pro\/kontakt\/"},"modified":"2025-04-09T23:40:14","modified_gmt":"2025-04-09T23:40:14","slug":"kontakt","status":"publish","type":"page","link":"https:\/\/degitore.pro\/de\/kontakt\/","title":{"rendered":"Kontakt"},"content":{"rendered":"\t\t<div data-elementor-type=\"wp-page\" data-elementor-id=\"19329\" class=\"elementor elementor-19329 elementor-9089\">\n\t\t\t\t\t\t<section class=\"elementor-section elementor-top-section elementor-element elementor-element-23134831 elementor-section-boxed elementor-section-height-default elementor-section-height-default wd-section-disabled\" data-id=\"23134831\" data-element_type=\"section\">\n\t\t\t\t\t\t<div class=\"elementor-container elementor-column-gap-default\">\n\t\t\t\t\t<div class=\"elementor-column elementor-col-50 elementor-top-column elementor-element elementor-element-14576021\" data-id=\"14576021\" data-element_type=\"column\">\n\t\t\t<div class=\"elementor-widget-wrap elementor-element-populated\">\n\t\t\t\t\t\t<div class=\"elementor-element elementor-element-4bc0ea elementor-widget elementor-widget-wd_title\" data-id=\"4bc0ea\" data-element_type=\"widget\" data-widget_type=\"wd_title.default\">\n\t\t\t\t<div class=\"elementor-widget-container\">\n\t\t\t\t\t<div class=\"title-wrapper set-mb-s reset-last-child wd-title-color-default wd-title-style-bordered wd-title-size-default text-left\">\n\n\t\t\t\n\t\t\t<div class=\"liner-continer\">\n\t\t\t\t<h4 class=\"woodmart-title-container title wd-fontsize-l\">SENDEN SIE UNS EINE E-MAIL<\/h4> \n\t\t\t\t\t\t\t<\/div>\n\n\t\t\t\t\t<\/div>\n\t\t\t\t<\/div>\n\t\t\t\t<\/div>\n\t\t\t\t<div class=\"elementor-element elementor-element-9cd25c9 elementor-widget elementor-widget-wpforms\" data-id=\"9cd25c9\" data-element_type=\"widget\" data-widget_type=\"wpforms.default\">\n\t\t\t\t<div class=\"elementor-widget-container\">\n\t\t\t<div class=\"wpforms-container wpforms-container-full wpforms-render-modern\" id=\"wpforms-32174\"><form id=\"wpforms-form-32174\" class=\"wpforms-validate wpforms-form wpforms-ajax-form\" data-formid=\"32174\" method=\"post\" enctype=\"multipart\/form-data\" action=\"\/de\/wp-json\/wp\/v2\/pages\/19329\" data-token=\"979c09e3c010d2414abca8b1efaf9725\" data-token-time=\"1778949304\"><noscript class=\"wpforms-error-noscript\">Bitte aktiviere JavaScript in deinem Browser, um dieses Formular fertigzustellen.<\/noscript><div id=\"wpforms-error-noscript\" style=\"display: none;\">Bitte aktiviere JavaScript in deinem Browser, um dieses Formular fertigzustellen.<\/div><div class=\"wpforms-field-container\">\t\t<div id=\"wpforms-32174-field_4-container\"\n\t\t\tclass=\"wpforms-field wpforms-field-text\"\n\t\t\tdata-field-type=\"text\"\n\t\t\tdata-field-id=\"4\"\n\t\t\t>\n\t\t\t<label class=\"wpforms-field-label\" for=\"wpforms-32174-field_4\" >Name Your Subject<\/label>\n\t\t\t<input type=\"text\" id=\"wpforms-32174-field_4\" class=\"wpforms-field-medium\" name=\"wpforms[fields][4]\" >\n\t\t<\/div>\n\t\t<div id=\"wpforms-32174-field_1-container\" class=\"wpforms-field wpforms-field-name\" data-field-id=\"1\"><label class=\"wpforms-field-label\" for=\"wpforms-32174-field_1\">Your Name <span class=\"wpforms-required-label\" aria-hidden=\"true\">*<\/span><\/label><input type=\"text\" id=\"wpforms-32174-field_1\" class=\"wpforms-field-medium wpforms-field-required\" name=\"wpforms[fields][1]\" aria-errormessage=\"wpforms-32174-field_1-error\" required><\/div><div id=\"wpforms-32174-field_2-container\" class=\"wpforms-field wpforms-field-email\" data-field-id=\"2\"><label class=\"wpforms-field-label\" for=\"wpforms-32174-field_2\">Your Email <span class=\"wpforms-required-label\" aria-hidden=\"true\">*<\/span><\/label><input type=\"email\" id=\"wpforms-32174-field_2\" class=\"wpforms-field-medium wpforms-field-required\" name=\"wpforms[fields][2]\" spellcheck=\"false\" aria-errormessage=\"wpforms-32174-field_2-error\" required><\/div><div id=\"wpforms-32174-field_5-container\" class=\"wpforms-field wpforms-field-text\" data-field-id=\"5\"><label class=\"wpforms-field-label\" for=\"wpforms-32174-field_5\">Subject<\/label><input type=\"text\" id=\"wpforms-32174-field_5\" class=\"wpforms-field-medium\" name=\"wpforms[fields][5]\" aria-errormessage=\"wpforms-32174-field_5-error\" ><\/div><div id=\"wpforms-32174-field_6-container\" class=\"wpforms-field wpforms-field-number\" data-field-id=\"6\"><label class=\"wpforms-field-label\" for=\"wpforms-32174-field_6\">Your Order Number<\/label><input type=\"number\" id=\"wpforms-32174-field_6\" class=\"wpforms-field-medium\" name=\"wpforms[fields][6]\" step=\"any\" aria-errormessage=\"wpforms-32174-field_6-error\" ><\/div><div id=\"wpforms-32174-field_3-container\" class=\"wpforms-field wpforms-field-textarea\" data-field-id=\"3\"><label class=\"wpforms-field-label\" for=\"wpforms-32174-field_3\">Comment or Message <span class=\"wpforms-required-label\" aria-hidden=\"true\">*<\/span><\/label><textarea id=\"wpforms-32174-field_3\" class=\"wpforms-field-medium wpforms-field-required\" name=\"wpforms[fields][3]\" aria-errormessage=\"wpforms-32174-field_3-error\" required><\/textarea><\/div><script>\n\t\t\t\t( function() {\n\t\t\t\t\tconst style = document.createElement( 'style' );\n\t\t\t\t\tstyle.appendChild( document.createTextNode( '#wpforms-32174-field_4-container { position: absolute !important; overflow: hidden !important; display: inline !important; height: 1px !important; width: 1px !important; z-index: -1000 !important; padding: 0 !important; } #wpforms-32174-field_4-container input { visibility: hidden; } #wpforms-conversational-form-page #wpforms-32174-field_4-container label { counter-increment: none; }' ) );\n\t\t\t\t\tdocument.head.appendChild( style );\n\t\t\t\t\tdocument.currentScript?.remove();\n\t\t\t\t} )();\n\t\t\t<\/script><\/div><!-- .wpforms-field-container --><div class=\"wpforms-recaptcha-container wpforms-is-recaptcha wpforms-is-recaptcha-type-v3\" ><input type=\"hidden\" name=\"wpforms[recaptcha]\" value=\"\"><\/div><div class=\"wpforms-submit-container\" ><input type=\"hidden\" name=\"wpforms[id]\" value=\"32174\"><input type=\"hidden\" name=\"page_title\" value=\"\"><input type=\"hidden\" name=\"page_url\" value=\"https:\/\/degitore.pro\/de\/wp-json\/wp\/v2\/pages\/19329\"><input type=\"hidden\" name=\"url_referer\" value=\"\"><button type=\"submit\" name=\"wpforms[submit]\" id=\"wpforms-submit-32174\" class=\"wpforms-submit\" data-alt-text=\"Sending...\" data-submit-text=\"Submit\" aria-live=\"assertive\" value=\"wpforms-submit\">Submit<\/button><img decoding=\"async\" src=\"https:\/\/degitore.pro\/wp-content\/plugins\/wpforms-lite\/assets\/images\/submit-spin.svg\" class=\"wpforms-submit-spinner\" style=\"display: none;\" width=\"26\" height=\"26\" alt=\"Wird geladen\" title=\"\"><\/div><\/form><\/div>  <!-- .wpforms-container -->\t\t<\/div>\n\t\t\t\t<\/div>\n\t\t\t\t\t<\/div>\n\t\t<\/div>\n\t\t\t\t<div class=\"elementor-column elementor-col-50 elementor-top-column elementor-element elementor-element-2a050b68\" data-id=\"2a050b68\" data-element_type=\"column\">\n\t\t\t<div class=\"elementor-widget-wrap elementor-element-populated\">\n\t\t\t\t\t\t<div class=\"elementor-element elementor-element-37d83e6c elementor-widget elementor-widget-wd_title\" data-id=\"37d83e6c\" data-element_type=\"widget\" data-widget_type=\"wd_title.default\">\n\t\t\t\t<div class=\"elementor-widget-container\">\n\t\t\t\t\t<div class=\"title-wrapper set-mb-s reset-last-child wd-title-color-default wd-title-style-bordered wd-title-size-default text-left\">\n\n\t\t\t\n\t\t\t<div class=\"liner-continer\">\n\t\t\t\t<h4 class=\"woodmart-title-container title wd-fontsize-l\">H\u00c4UFIG GESTELLTE FRAGEN<\/h4> \n\t\t\t\t\t\t\t<\/div>\n\n\t\t\t\t\t<\/div>\n\t\t\t\t<\/div>\n\t\t\t\t<\/div>\n\t\t\t\t<div class=\"elementor-element elementor-element-2aaefd51 elementor-widget elementor-widget-wd_text_block\" data-id=\"2aaefd51\" data-element_type=\"widget\" data-widget_type=\"wd_text_block.default\">\n\t\t\t\t<div class=\"elementor-widget-container\">\n\t\t\t\t\t<div class=\"wd-text-block reset-last-child text-left\">\n\t\t\t\n\t\t\t<p>Nehmen Sie noch heute mit uns Kontakt auf, ganz gleich, welche Frage Sie haben. Ob Sie nach Antworten suchen, ein Problem l\u00f6sen oder uns einfach nur mitteilen m\u00f6chten, wie wir uns geschlagen haben - hier finden Sie viele M\u00f6glichkeiten, mit uns in Kontakt zu treten.<\/p><p><strong>Degitore ist eine Marke mit Sitz in den Vereinigten Staaten und entworfen von DEGITORE MEDIA LLC (179-17 149th Avenue, Queens, NY 11434).<\/strong><\/p>\n\t\t\t\t\t<\/div>\n\t\t\t\t<\/div>\n\t\t\t\t<\/div>\n\t\t\t\t<div class=\"elementor-element elementor-element-2adfac86 elementor-widget elementor-widget-wd_title\" data-id=\"2adfac86\" data-element_type=\"widget\" data-widget_type=\"wd_title.default\">\n\t\t\t\t<div class=\"elementor-widget-container\">\n\t\t\t\t\t<div class=\"title-wrapper set-mb-s reset-last-child wd-title-color-default wd-title-style-bordered wd-title-size-default text-left\">\n\n\t\t\t\n\t\t\t<div class=\"liner-continer\">\n\t\t\t\t<h4 class=\"woodmart-title-container title wd-fontsize-l\">KONTAKT US<\/h4> \n\t\t\t\t\t\t\t<\/div>\n\n\t\t\t\t\t<\/div>\n\t\t\t\t<\/div>\n\t\t\t\t<\/div>\n\t\t\t\t<section class=\"elementor-section elementor-inner-section elementor-element elementor-element-3e52ca56 elementor-section-boxed elementor-section-height-default elementor-section-height-default wd-section-disabled\" data-id=\"3e52ca56\" data-element_type=\"section\">\n\t\t\t\t\t\t<div class=\"elementor-container elementor-column-gap-extended\">\n\t\t\t\t\t<div class=\"elementor-column elementor-col-100 elementor-inner-column elementor-element elementor-element-493b3abd\" data-id=\"493b3abd\" data-element_type=\"column\">\n\t\t\t<div class=\"elementor-widget-wrap elementor-element-populated\">\n\t\t\t\t\t\t<div class=\"elementor-element elementor-element-5f9c7856 elementor-widget elementor-widget-wd_infobox\" data-id=\"5f9c7856\" data-element_type=\"widget\" data-widget_type=\"wd_infobox.default\">\n\t\t\t\t<div class=\"elementor-widget-container\">\n\t\t\t\t\t<div class=\"info-box-wrapper\">\n\t\t\t<div class=\"wd-info-box text-left box-icon-align-left box-style-base color-scheme-\" >\n\t\t\t\t\t\t\t\t\t<div class=\"box-icon-wrapper  box-with-icon box-icon-simple\">\n\t\t\t\t\t\t<div class=\"info-box-icon\">\n\t\t\t\t\t\t\t\t\t\t\t\t\t\t\t<span class=\"info-svg-wrapper info-icon\" style=\"width:40px; height:40px;\"><svg xmlns=\"http:\/\/www.w3.org\/2000\/svg\" xmlns:xlink=\"http:\/\/www.w3.org\/1999\/xlink\" version=\"1.1\" id=\"svg-1862\" x=\"0px\" y=\"0px\" width=\"512px\" height=\"512px\" viewBox=\"0 0 792 792\" style=\"enable-background:new 0 0 792 792;\" xml:space=\"preserve\"> <g> <g id=\"_x39__14_\"> <g> <path d=\"M581.625,0h-371.25c-54.673,0-99,44.327-99,99v594c0,54.673,44.327,99,99,99h371.25c54.673,0,99-44.327,99-99V99 C680.625,44.327,636.298,0,581.625,0z M631.125,693c0,27.349-22.151,49.5-49.5,49.5h-371.25c-27.349,0-49.5-22.151-49.5-49.5 v-74.25h470.25V693z M631.125,569.25h-470.25v-396h470.25V569.25z M631.125,123.75h-470.25V99c0-27.349,22.151-49.5,49.5-49.5 h371.25c27.349,0,49.5,22.176,49.5,49.5V123.75z M396,717.75c20.493,0,37.125-16.632,37.125-37.125S416.493,643.5,396,643.5 s-37.125,16.632-37.125,37.125S375.507,717.75,396,717.75z\" fill=\"#d1d1d1\"><\/path> <\/g> <\/g> <\/g> <g> <\/g> <g> <\/g> <g> <\/g> <g> <\/g> <g> <\/g> <g> <\/g> <g> <\/g> <g> <\/g> <g> <\/g> <g> <\/g> <g> <\/g> <g> <\/g> <g> <\/g> <g> <\/g> <g> <\/g> <\/svg> <\/span>\t\t\t\t\t\t\t\t\t\t\t\t\t<\/div>\n\t\t\t\t\t<\/div>\n\t\t\t\t\n\t\t\t\t<div class=\"info-box-content\">\n\t\t\t\t\t\n\t\t\t\t\t\n\t\t\t\t\t<div class=\"info-box-inner set-cont-mb-s reset-last-child\"\n\t\t\t\t\t\t data-elementor-setting-key=\"content\">\n\t\t\t\t\t\t<p><strong>Telefon :<\/strong>\u00a0+1 (718) 586-5676<br \/><strong>E-Mail :<\/strong>\u00a0info@degitore.pro<\/p>\n\t\t\t\t\t<\/div>\n\t\n\t\t\t\t\t\t\t\t\t<\/div>\n\t\t\t<\/div>\n\t\t<\/div>\n\t\t\t\t<\/div>\n\t\t\t\t<\/div>\n\t\t\t\t<div class=\"elementor-element elementor-element-37e77a09 elementor-widget elementor-widget-wd_infobox\" data-id=\"37e77a09\" data-element_type=\"widget\" data-widget_type=\"wd_infobox.default\">\n\t\t\t\t<div class=\"elementor-widget-container\">\n\t\t\t\t\t<div class=\"info-box-wrapper\">\n\t\t\t<div class=\"wd-info-box text-left box-icon-align-left box-style-base color-scheme-\" >\n\t\t\t\t\t\t\t\t\t<div class=\"box-icon-wrapper  box-with-icon box-icon-simple\">\n\t\t\t\t\t\t<div class=\"info-box-icon\">\n\t\t\t\t\t\t\t\t\t\t\t\t\t\t\t<span class=\"info-svg-wrapper info-icon\" style=\"width:40px; height:40px;\"><svg xmlns=\"http:\/\/www.w3.org\/2000\/svg\" xmlns:xlink=\"http:\/\/www.w3.org\/1999\/xlink\" version=\"1.1\" id=\"svg-8683\" x=\"0px\" y=\"0px\" width=\"512px\" height=\"512px\" viewBox=\"0 0 792 792\" style=\"enable-background:new 0 0 792 792;\" xml:space=\"preserve\"> <g> <g id=\"_x31__15_\"> <g> <path d=\"M396,173.25c-68.335,0-123.75,55.415-123.75,123.75S327.665,420.75,396,420.75S519.75,365.335,519.75,297 S464.335,173.25,396,173.25z M396,371.25c-41.011,0-74.25-33.239-74.25-74.25s33.239-74.25,74.25-74.25s74.25,33.239,74.25,74.25 S437.011,371.25,396,371.25z M396,0C231.982,0,99,132.982,99,297c0,124.171,247.624,495.248,297,495 c48.609,0.247,297-372.487,297-495C693,132.982,560.019,0,396,0z M396,717.75C354.841,717.973,148.5,400.479,148.5,297 c0-136.694,110.806-247.5,247.5-247.5S643.5,160.306,643.5,297C643.5,399.094,436.516,717.973,396,717.75z\" fill=\"#d1d1d1\"><\/path> <\/g> <\/g> <\/g> <g> <\/g> <g> <\/g> <g> <\/g> <g> <\/g> <g> <\/g> <g> <\/g> <g> <\/g> <g> <\/g> <g> <\/g> <g> <\/g> <g> <\/g> <g> <\/g> <g> <\/g> <g> <\/g> <g> <\/g> <\/svg> <\/span>\t\t\t\t\t\t\t\t\t\t\t\t\t<\/div>\n\t\t\t\t\t<\/div>\n\t\t\t\t\n\t\t\t\t<div class=\"info-box-content\">\n\t\t\t\t\t\n\t\t\t\t\t\n\t\t\t\t\t<div class=\"info-box-inner set-cont-mb-s reset-last-child\"\n\t\t\t\t\t\t data-elementor-setting-key=\"content\">\n\t\t\t\t\t\t<p><span style=\"color: #333333\"><br \/>\n  <strong>Anschrift:<\/strong><br \/>\n<\/span> DEGITORE MEDIA LLC (179-17 149th Avenue, Queens,NY 11434)<\/p>\n\t\t\t\t\t<\/div>\n\t\n\t\t\t\t\t\t\t\t\t<\/div>\n\t\t\t<\/div>\n\t\t<\/div>\n\t\t\t\t<\/div>\n\t\t\t\t<\/div>\n\t\t\t\t<div class=\"elementor-element elementor-element-77cdf5e6 elementor-widget elementor-widget-wd_infobox\" data-id=\"77cdf5e6\" data-element_type=\"widget\" data-widget_type=\"wd_infobox.default\">\n\t\t\t\t<div class=\"elementor-widget-container\">\n\t\t\t\t\t<div class=\"info-box-wrapper\">\n\t\t\t<div class=\"wd-info-box text-left box-icon-align-left box-style-base color-scheme-\" >\n\t\t\t\t\t\t\t\t\t<div class=\"box-icon-wrapper  box-with-icon box-icon-simple\">\n\t\t\t\t\t\t<div class=\"info-box-icon\">\n\t\t\t\t\t\t\t\t\t\t\t\t\t\t\t<img decoding=\"async\" src=\"https:\/\/degitore.pro\/wp-content\/uploads\/elementor\/thumbs\/clock-1-qc8pied78g0v8vkmtoa4o2uiy62jqvb5n6end3wlg0.png\" title=\"clock-1\" alt=\"clock-1\" loading=\"lazy\" \/>\t\t\t\t\t\t\t\t\t\t\t\t\t<\/div>\n\t\t\t\t\t<\/div>\n\t\t\t\t\n\t\t\t\t<div class=\"info-box-content\">\n\t\t\t\t\t\n\t\t\t\t\t\n\t\t\t\t\t<div class=\"info-box-inner set-cont-mb-s reset-last-child\"\n\t\t\t\t\t\t data-elementor-setting-key=\"content\">\n\t\t\t\t\t\t<p><strong>Montag bis Sonntag:<\/strong> 9:30-18:30 Uhr<\/p>\n\t\t\t\t\t<\/div>\n\t\n\t\t\t\t\t\t\t\t\t<\/div>\n\t\t\t<\/div>\n\t\t<\/div>\n\t\t\t\t<\/div>\n\t\t\t\t<\/div>\n\t\t\t\t\t<\/div>\n\t\t<\/div>\n\t\t\t\t\t<\/div>\n\t\t<\/section>\n\t\t\t\t<div class=\"elementor-element elementor-element-b606d2 elementor-widget elementor-widget-wd_text_block\" data-id=\"b606d2\" data-element_type=\"widget\" data-widget_type=\"wd_text_block.default\">\n\t\t\t\t<div class=\"elementor-widget-container\">\n\t\t\t\t\t<div class=\"wd-text-block reset-last-child text-left color-title\">\n\t\t\t\n\t\t\t<p>Haben Sie Fragen dazu, wie wir Ihrem Unternehmen helfen k\u00f6nnen?<br><span style=\"color: #83b735;\"><a style=\"color: #83b735;\" href=\"#name_\">Schicken Sie uns eine E-Mail und wir werden uns in K\u00fcrze bei Ihnen melden.<\/a><\/span><\/p>\n\t\t\t\t\t<\/div>\n\t\t\t\t<\/div>\n\t\t\t\t<\/div>\n\t\t\t\t\t<\/div>\n\t\t<\/div>\n\t\t\t\t\t<\/div>\n\t\t<\/section>\n\t\t\t\t<\/div>\n\t\t","protected":false},"excerpt":{"rendered":"<p>SENDEN SIE UNS EINE E-MAIL Please enable JavaScript in your browser to complete this form.Please enable JavaScript in your browser<\/p>\n","protected":false},"author":1,"featured_media":0,"parent":0,"menu_order":0,"comment_status":"closed","ping_status":"closed","template":"","meta":{"om_disable_all_campaigns":false,"_uf_show_specific_survey":0,"_uf_disable_surveys":false,"footnotes":""},"class_list":["post-19329","page","type-page","status-publish","hentry"],"_links":{"self":[{"href":"https:\/\/degitore.pro\/de\/wp-json\/wp\/v2\/pages\/19329","targetHints":{"allow":["GET"]}}],"collection":[{"href":"https:\/\/degitore.pro\/de\/wp-json\/wp\/v2\/pages"}],"about":[{"href":"https:\/\/degitore.pro\/de\/wp-json\/wp\/v2\/types\/page"}],"author":[{"embeddable":true,"href":"https:\/\/degitore.pro\/de\/wp-json\/wp\/v2\/users\/1"}],"replies":[{"embeddable":true,"href":"https:\/\/degitore.pro\/de\/wp-json\/wp\/v2\/comments?post=19329"}],"version-history":[{"count":12,"href":"https:\/\/degitore.pro\/de\/wp-json\/wp\/v2\/pages\/19329\/revisions"}],"predecessor-version":[{"id":33437,"href":"https:\/\/degitore.pro\/de\/wp-json\/wp\/v2\/pages\/19329\/revisions\/33437"}],"wp:attachment":[{"href":"https:\/\/degitore.pro\/de\/wp-json\/wp\/v2\/media?parent=19329"}],"curies":[{"name":"wp","href":"https:\/\/api.w.org\/{rel}","templated":true}]}}