{"id":19361,"date":"2023-08-17T10:37:31","date_gmt":"2023-08-17T10:37:31","guid":{"rendered":"https:\/\/degitore.pro\/product\/microsoft-windows-server-2022-standard\/"},"modified":"2025-04-07T13:19:37","modified_gmt":"2025-04-07T13:19:37","slug":"microsoft-windows-server-2022-standard-2-core","status":"publish","type":"product","link":"https:\/\/degitore.pro\/de\/microsoft-windows-server-2022-standard-2-core\/","title":{"rendered":"Microsoft Windows Server 2022 Standard"},"content":{"rendered":"<p><strong>Windows Server 2022 Standard Edition<\/strong> ist Microsofts neuestes fortschrittliches Server-Betriebssystem, das mehrschichtige Sicherheit, Hybridfunktionen mit Azure und eine flexible Anwendungsplattform bietet. Als Teil dieser Version wurden die Secure-Core-Funktionen entwickelt, um Hardware, Firmware und Windows Server OS-Funktionen vor fortgeschrittenen Sicherheitsbedrohungen zu sch\u00fctzen. Der Secured-Core-Server baut auf Technologien wie Windows Defender System Guard und virtualisierungsbasierte Sicherheit auf, um das Risiko von Firmware-Schwachstellen und fortschrittlicher Malware zu minimieren. Die neue Version bietet au\u00dferdem sichere Konnektivit\u00e4t mit mehreren neuen Funktionen wie schnellere und sicherere verschl\u00fcsselte HTTPS-Verbindungen, SMB AES 256-Verschl\u00fcsselung nach Industriestandard und mehr.<\/p>\n<p><strong>Vollversion Einzelhandelslizenz f\u00fcr nur 1 Server<\/strong><\/p>\n<p><strong>GLOBAL License Keys &#8211; G\u00fcltig f\u00fcr jedes Land\/Gebiet\/Region weltweit<\/strong><\/p>\n<p><strong>Herunterladen und Aktivieren direkt von der offiziellen MS-Website  <\/strong><\/p>\n<h3><em><strong>Merkmale:<\/strong><\/em><\/h3>\n<div class=\"row\">\n<div class=\"col-sm-7\">\n<h3>Secured-Core-Server<\/h3>\n<p>Leistungsstarker Schutz vor Bedrohungen f\u00fcr mehrschichtige Sicherheit \u00fcber Hardware, Firmware und das Betriebssystem hinweg. Es verwendet das Trusted Platform Module 2.0 und System Guard, um Windows Server sicher zu starten und das Risiko von Firmware-Schwachstellen zu minimieren. Der Secured-Core-Server umfasst auch virtualisierungsbasierte Sicherheitsfunktionen (VBS) wie Credential Guard und Hypervisor-gesch\u00fctzte Code-Integrit\u00e4t (HVCI).<\/p>\n<h3>Credential Guard<\/h3>\n<p>Vorbeugender Schutz f\u00fcr sensible Daten wie Anmeldedaten, und HVCI wendet hardwaregest\u00fctzte Sicherheit an, um zu verhindern, dass fortschrittliche Malware das System manipuliert. Die gesicherte Konnektivit\u00e4t bietet eine zus\u00e4tzliche Sicherheitsebene w\u00e4hrend des Transports f\u00fcr erweiterten Schutz. Windows Server 2022 verbessert die Verbindungssicherheit durch das schnellere und sicherere verschl\u00fcsselte Hypertext Transfer Protocol Secure (HTTPS) und die standardm\u00e4\u00dfig aktivierte Transport Layer Security (TLS) 1.3. Dar\u00fcber hinaus k\u00f6nnen Kunden ihre Serverkommunikation mit der branchen\u00fcblichen AES-256-Verschl\u00fcsselung weiter absichern, die jetzt auch das SMB-Protokoll (Server Message Block) und bessere Kontrollm\u00f6glichkeiten unterst\u00fctzt.<\/p>\n<h3>Hybridfunktionen mit Azure<\/h3>\n<p>Wir bieten neue Funktionen, mit denen Kunden die Vorteile der Cloud-Innovation mit ihren Investitionen vor Ort nutzen k\u00f6nnen. Azure Arc und Storage Migration Service sind zwei wichtige Hybridfunktionen, die am besten mit Windows Server 2022 funktionieren.<\/p>\n<p>Mit <b>Azure Arc <\/b>k\u00f6nnen Kunden Windows Server vor Ort, am Edge oder in Multi-Cloud-Umgebungen von einer einzigen Steuerungsebene in Azure aus verwalten, sichern und steuern. \u00dcber Azure Arc k\u00f6nnen Kunden Azure-Verwaltungsfunktionen wie Azure Policy, Azure Monitor und Azure Defender problemlos f\u00fcr diese Server einsetzen. Dar\u00fcber hinaus kann mit ein paar einfachen Klicks im Windows Admin Center die Konnektivit\u00e4t zu Azure Arc aktiviert werden. Dar\u00fcber hinaus haben wir das Windows Admin Center v2103 mit einer deutlich verbesserten Verwaltung virtueller Maschinen, einer einfacheren Ereignisanzeige und vielen weiteren Updates erweitert. Das Windows Admin Center ist auch im Azure-Portal verf\u00fcgbar.<\/p>\n<p><b>Windows Server 2022 <\/b>verbessert die nahtlose Konnektivit\u00e4t von Dateiservern vor Ort mit Dateiservern auf Azure. Updates f\u00fcr den Storage Migration Service erm\u00f6glichen es Kunden, Dateiserver von bestimmten Network Access Storage (NAS) und Windows File Servern zu Windows Servern auf Azure zu migrieren. Durch den Einsatz von Storage Migration Service f\u00fcr die Migration von Daten auf Server k\u00f6nnen Kunden niedrige Latenzzeiten beibehalten und gleichzeitig ihren Speicherplatzbedarf vor Ort reduzieren.<\/p>\n<h3>Flexible Anwendungsplattform<\/h3>\n<p>Kunden verwenden Windows Server f\u00fcr die Ausf\u00fchrung umfangreicher und verteilter Anwendungen. Daher haben wir uns unabl\u00e4ssig auf die Bereitstellung von Plattformfunktionen und Tools konzentriert, die die Geschwindigkeit der Entwicklung und die Unterst\u00fctzung f\u00fcr gesch\u00e4ftskritische Workloads wie SQL Server verbessern. In dieser Version f\u00fcgen wir mehrere Plattformverbesserungen f\u00fcr Windows Container hinzu, einschlie\u00dflich der Anwendungskompatibilit\u00e4t und der Windows Container-Erfahrung mit Kubernetes. Eine der wichtigsten Verbesserungen ist die Verringerung der Gr\u00f6\u00dfe des Windows-Container-Images, was zu k\u00fcrzeren Download-Zeiten und besserer Leistung f\u00fchrt. Dar\u00fcber hinaus k\u00f6nnen Sie jetzt Anwendungen, die von Azure Active Directory abh\u00e4ngen, mit gMSA (Group Managed Services Accounts) ausf\u00fchren, ohne dem Container-Host eine Dom\u00e4ne beizutreten. Dar\u00fcber hinaus gibt es verschiedene andere Verbesserungen, die die Windows-Container-Erfahrung mit Kubernetes vereinfachen. Zu diesen Verbesserungen geh\u00f6ren die Unterst\u00fctzung von Host-Prozess-Containern f\u00fcr die Knotenkonfiguration, IPv6 und die einheitliche Implementierung von Netzwerkrichtlinien mit Calico.<br \/>\nZus\u00e4tzlich zu den Plattformverbesserungen haben wir ein aktualisiertes Windows Admin Center-Tool, das die Containerisierung von .NET-Anwendungen erleichtert. Sobald sich die Anwendung in einem Container befindet, k\u00f6nnen Sie sie in der Azure Container Registry hosten, um sie dann f\u00fcr andere Azure-Dienste, einschlie\u00dflich Azure Kubernetes Service, bereitzustellen. Windows Server 2022 unterst\u00fctzt gesch\u00e4ftskritische und gro\u00df angelegte Anwendungen wie SQL Server, die 48 TB Arbeitsspeicher und 2.048 logische Kerne auf 64 physischen Sockeln ben\u00f6tigen.<\/p>\n<\/div>\n<div class=\"col-sm-7\"><strong>Systemanforderungen:<\/strong><\/div>\n<\/div>\n<p>Minimaler Festplattenspeicher: 32 GB<br \/>\nMindestgeschwindigkeit des Prozessors: 1,4 GHz<br \/>\nMinimale RAM-Gr\u00f6\u00dfe: 2GB<br \/>\nPeriphere Schnittstellenger\u00e4te: DVD-ROM, Internetanschluss, Tastatur, Maus oder kompatibles Ger\u00e4t, SVGA-Monitor<\/p>\n<p><strong>Warum bei Druino kaufen?<\/strong><\/p>\n<ul>\n<li>Echte Wiederverk\u00e4ufer von Microsoft-Software und anderen gro\u00dfen Marken.<strong><br \/>\n<\/strong><\/li>\n<li>Alle Produkte garantiert authentisch mit Hersteller &amp; stressfrei Geld zur\u00fcck Garantie.<\/li>\n<li>Schneller und effizienter Service, damit Sie in wenigen Minuten einsatzbereit sind.<\/li>\n<li>Kostenloser technischer Support durch erfahrene Spezialisten bei jedem Kauf.<\/li>\n<li>Preisgarantie auf alle Produkte, um sicherzustellen, dass Sie das bestm\u00f6gliche Angebot erhalten.<\/li>\n<li><strong>100{6fdca469ca0abeff26c0517c9e5d1f8bbd85650da79e51ce3d9057da308d2297} SECURE CHECKOUT<\/strong> &#8211; 256-Bit SSL-f\u00e4higer sicherer Checkout mit TLS 1.2-Verschl\u00fcsselung. 3D Secure &#8211; Verified by Visa, Master Bestanden.<\/li>\n<\/ul>\n<p><strong>Dieser Artikel enth\u00e4lt keine Disc, sondern ist nur ein digitaler Download. HINWEIS: Wenn Sie die Software bereits installiert haben, k\u00f6nnen Sie sie einfach durch Eingabe des Schl\u00fcssels aktivieren. Wenn Sie Windows Server 2022 Standard kaufen<br \/>\n<\/strong><\/p>\n<ol>\n<li>Sie erhalten Ihren Produktschl\u00fcssel, die Installationsanleitung und den Download-Link<span class=\"_5yl5\">innerhalb von 5 Minuten bis zu 3 Stunden<\/span> per E-Mail.<\/li>\n<li>Installieren Sie die Software und geben Sie Ihren 25-stelligen Produktschl\u00fcssel ein, wenn Sie dazu aufgefordert werden.<\/li>\n<li>F\u00fchren Sie die Installation anhand der in der E-Mail mit den Einzelheiten enthaltenen Installationsanleitung durch.<\/li>\n<li>Aktivieren Sie das Produkt online.<\/li>\n<\/ol>\n","protected":false},"excerpt":{"rendered":"<p><strong>Windows Server 2022 Standard kaufen<\/strong> <strong>(2 Kerne)<\/strong>  und erhalten Sie ein umfassendes und leistungsf\u00e4higes System mit zahlreichen Funktionen, das die Verwaltung von Hybrid-Servern durch eine deutlich verbesserte VM-Verwaltung, eine erweiterte Ereignisanzeige und viele weitere neue Funktionen im Windows Admin Center verbessert. Dar\u00fcber hinaus enth\u00e4lt diese Version bedeutende Verbesserungen f\u00fcr Windows-Container, wie z. B. kleinere Bildgr\u00f6\u00dfen f\u00fcr einen schnelleren Download, eine vereinfachte Implementierung von Netzwerkrichtlinien und Containerisierungstools f\u00fcr .NET-Anwendungen.<\/p>\n<p><strong>Teilenummer: MFR # 9EM-00832<\/strong><\/p>\n","protected":false},"featured_media":20686,"comment_status":"open","ping_status":"closed","template":"","meta":{"om_disable_all_campaigns":false,"_uf_show_specific_survey":0,"_uf_disable_surveys":false},"product_brand":[],"product_cat":[149,134],"product_tag":[142],"class_list":{"0":"post-19361","1":"product","2":"type-product","3":"status-publish","4":"has-post-thumbnail","6":"product_cat-windows-server-2022-de","7":"product_cat-windows-server-de","8":"product_tag-server-de","10":"first","11":"instock","12":"virtual","13":"purchasable","14":"product-type-simple"},"_links":{"self":[{"href":"https:\/\/degitore.pro\/de\/wp-json\/wp\/v2\/product\/19361","targetHints":{"allow":["GET"]}}],"collection":[{"href":"https:\/\/degitore.pro\/de\/wp-json\/wp\/v2\/product"}],"about":[{"href":"https:\/\/degitore.pro\/de\/wp-json\/wp\/v2\/types\/product"}],"replies":[{"embeddable":true,"href":"https:\/\/degitore.pro\/de\/wp-json\/wp\/v2\/comments?post=19361"}],"version-history":[{"count":1,"href":"https:\/\/degitore.pro\/de\/wp-json\/wp\/v2\/product\/19361\/revisions"}],"predecessor-version":[{"id":19906,"href":"https:\/\/degitore.pro\/de\/wp-json\/wp\/v2\/product\/19361\/revisions\/19906"}],"wp:featuredmedia":[{"embeddable":true,"href":"https:\/\/degitore.pro\/de\/wp-json\/wp\/v2\/media\/20686"}],"wp:attachment":[{"href":"https:\/\/degitore.pro\/de\/wp-json\/wp\/v2\/media?parent=19361"}],"wp:term":[{"taxonomy":"product_brand","embeddable":true,"href":"https:\/\/degitore.pro\/de\/wp-json\/wp\/v2\/product_brand?post=19361"},{"taxonomy":"product_cat","embeddable":true,"href":"https:\/\/degitore.pro\/de\/wp-json\/wp\/v2\/product_cat?post=19361"},{"taxonomy":"product_tag","embeddable":true,"href":"https:\/\/degitore.pro\/de\/wp-json\/wp\/v2\/product_tag?post=19361"}],"curies":[{"name":"wp","href":"https:\/\/api.w.org\/{rel}","templated":true}]}}