{"id":19374,"date":"2023-08-17T10:35:43","date_gmt":"2023-08-17T10:35:43","guid":{"rendered":"https:\/\/degitore.pro\/product\/microsoft-windows-server-2022-datacenter-lebenszeit\/"},"modified":"2025-04-07T13:20:35","modified_gmt":"2025-04-07T13:20:35","slug":"microsoft-windows-server-2022-datacenter-lebensdauer","status":"publish","type":"product","link":"https:\/\/degitore.pro\/de\/microsoft-windows-server-2022-datacenter-lebensdauer\/","title":{"rendered":"Microsoft Windows Server 2022 Datacenter Lebenszeit"},"content":{"rendered":"<p style=\"text-align: center;\"><strong><span style=\"color: #ff0000;\">  Sofortige automatisierte Lieferung in 5 Sekunden nach dem Kauf  <\/span> <\/strong><\/p>\n<ul>\n<li>Unterst\u00fctzt 1 Admin-Benutzer \/ 1 Server<\/li>\n<li>Digitale Zustellung<\/li>\n<li>1 Server-Installation<\/li>\n<li>Zugelassen f\u00fcr private und gewerbliche Nutzung<\/li>\n<li>Einmalige Zahlung<\/li>\n<\/ul>\n","protected":false},"excerpt":{"rendered":"<p><strong>Windows Server 2022 Standard kaufen<\/strong> <strong>(2 Kerne)<\/strong>  und erhalten Sie ein umfassendes und leistungsf\u00e4higes System mit zahlreichen Funktionen, das die Verwaltung von Hybrid-Servern durch eine deutlich verbesserte VM-Verwaltung, eine erweiterte Ereignisanzeige und viele weitere neue Funktionen im Windows Admin Center verbessert. Dar\u00fcber hinaus enth\u00e4lt diese Version bedeutende Verbesserungen f\u00fcr Windows-Container, wie z. B. kleinere Bildgr\u00f6\u00dfen f\u00fcr einen schnelleren Download, eine vereinfachte Implementierung von Netzwerkrichtlinien und Containerisierungstools f\u00fcr .NET-Anwendungen.<\/p>\n<p><strong>Teilenummer: MFR # 9EM-00832<\/strong><\/p>\n","protected":false},"featured_media":20682,"comment_status":"open","ping_status":"closed","template":"","meta":{"om_disable_all_campaigns":false,"_uf_show_specific_survey":0,"_uf_disable_surveys":false},"product_brand":[],"product_cat":[149,134],"product_tag":[142],"class_list":{"0":"post-19374","1":"product","2":"type-product","3":"status-publish","4":"has-post-thumbnail","6":"product_cat-windows-server-2022-de","7":"product_cat-windows-server-de","8":"product_tag-server-de","10":"first","11":"instock","12":"virtual","13":"purchasable","14":"product-type-simple"},"_links":{"self":[{"href":"https:\/\/degitore.pro\/de\/wp-json\/wp\/v2\/product\/19374","targetHints":{"allow":["GET"]}}],"collection":[{"href":"https:\/\/degitore.pro\/de\/wp-json\/wp\/v2\/product"}],"about":[{"href":"https:\/\/degitore.pro\/de\/wp-json\/wp\/v2\/types\/product"}],"replies":[{"embeddable":true,"href":"https:\/\/degitore.pro\/de\/wp-json\/wp\/v2\/comments?post=19374"}],"version-history":[{"count":1,"href":"https:\/\/degitore.pro\/de\/wp-json\/wp\/v2\/product\/19374\/revisions"}],"predecessor-version":[{"id":19948,"href":"https:\/\/degitore.pro\/de\/wp-json\/wp\/v2\/product\/19374\/revisions\/19948"}],"wp:featuredmedia":[{"embeddable":true,"href":"https:\/\/degitore.pro\/de\/wp-json\/wp\/v2\/media\/20682"}],"wp:attachment":[{"href":"https:\/\/degitore.pro\/de\/wp-json\/wp\/v2\/media?parent=19374"}],"wp:term":[{"taxonomy":"product_brand","embeddable":true,"href":"https:\/\/degitore.pro\/de\/wp-json\/wp\/v2\/product_brand?post=19374"},{"taxonomy":"product_cat","embeddable":true,"href":"https:\/\/degitore.pro\/de\/wp-json\/wp\/v2\/product_cat?post=19374"},{"taxonomy":"product_tag","embeddable":true,"href":"https:\/\/degitore.pro\/de\/wp-json\/wp\/v2\/product_tag?post=19374"}],"curies":[{"name":"wp","href":"https:\/\/api.w.org\/{rel}","templated":true}]}}