{"id":19388,"date":"2023-08-17T10:37:24","date_gmt":"2023-08-17T10:37:24","guid":{"rendered":"https:\/\/degitore.pro\/product\/microsoft-windows-7-professional-32-64-bit-1pc\/"},"modified":"2026-01-23T17:51:35","modified_gmt":"2026-01-23T17:51:35","slug":"microsoft-windows-7-home-premium-32-64-bit-1pc","status":"publish","type":"product","link":"https:\/\/degitore.pro\/de\/microsoft-windows-7-home-premium-32-64-bit-1pc\/","title":{"rendered":"Microsoft Windows 7 Professional 32\/64 Bit (1PC)"},"content":{"rendered":"<p>Mit dem Betriebssystem Windows 7 gelang Microsoft nach dem viel geschm\u00e4hten Windows Vista eine triumphale R\u00fcckkehr ins Rampenlicht. Windows 7 brachte neue und verfeinerte Funktionen in die Landschaft und dieses Betriebssystem hat einen modernen Designstil gegen\u00fcber seinen Vorg\u00e4ngern, einschlie\u00dflich einer neu aussehenden Taskleiste und dem Snap-Fensterverwaltungssystem. Windows 7 gibt es in drei Versionen: Home Premium, Professional und Ultimate, wobei Windows 7 Home Premium f\u00fcr Privatanwender und kleine Unternehmen gedacht ist.<\/p>\n<p>Merkmale:<\/p>\n<p><b>Betreiben Sie Ihren PC effizienter:<\/b><\/p>\n<p>Befestigen Sie jedes Programm an der Taskleiste: Jedes Programm ist immer nur einen Klick entfernt und Sie k\u00f6nnen die Symbole in der Taskleiste durch Klicken und Ziehen neu anordnen.<\/p>\n<p><b>TV-Aufnahmen auf Ihrem PC:<\/b><\/p>\n<p>Mit dem aktualisierten Windows Media Center k\u00f6nnen Sie Fernsehsendungen, Filme und andere Videoinhalte ansehen, anhalten, zur\u00fcckspulen und aufzeichnen und so einen einzigen TV-Guide verwalten, der sowohl Standard- als auch digitale High-Definition-Sendungen enth\u00e4lt.<\/p>\n<p><b>Einfacher Anschluss eines Heimnetzwerks:<\/b><\/p>\n<p>Geben Sie Dateien auf den verschiedenen PCs in Ihrem Haus frei: Verwenden Sie HomeGroup, um Ihre PCs mit Windows 7 mit einem einzigen Drucker zu verbinden. Geben Sie genau an, was Sie von jedem PC f\u00fcr alle PCs in der Heimnetzgruppe freigeben m\u00f6chten.<\/p>\n<p><b>Allt\u00e4gliche Aufgaben vereinfachen<\/b><\/p>\n<p>Vereinfachen Sie Ihren PC mit neuen Navigationsfunktionen wie Aero Shake, Jump Lists und Snap.<\/p>\n<p>Passen Sie Windows durch \u00c4ndern von Themen und Taskleistenprogrammen an Ihre Bed\u00fcrfnisse an.<\/p>\n<p>Einfach zu vernetzen (mit oder ohne Server)<\/p>\n<p>Sichern Sie Ihr gesamtes System \u00fcber ein Netzwerk<\/p>\n<p>Arbeiten Sie so, wie Sie wollen<\/p>\n<p>Entwickelt, um Ihren PC schneller in den Ruhezustand zu versetzen und wiederaufzunehmen.<\/p>\n<p>Nutzt die Vorteile von 64-Bit-PC-Hardware und -Speicher voll aus.<\/p>\n<p>Der Windows XP-Modus gibt Ihnen die Flexibilit\u00e4t, die Sie brauchen.<\/p>\n<p>Neue Dinge m\u00f6glich machen<\/p>\n<p>Mit Windows Media Center k\u00f6nnen Sie TV-Sendungen ansehen, anhalten, zur\u00fcckspulen und aufzeichnen.<\/p>\n<p>Sehen Sie sich Ihre Lieblings-DVD-Filme an.<\/p>\n<p>Enth\u00e4lt integrierte Video- und Dolby-Audio-Codecs.<\/p>\n<p>Bildergebnis f\u00fcr windows 7 home premium<\/p>\n<div>\n<div>\n<p><img decoding=\"async\" class=\"aligncenter lazyloaded\" src=\"https:\/\/cdns.kinguin.net\/media\/category\/0\/1\/01_1268.jpg\" alt=\"Bildergebnis f\u00fcr windows 7 home premium\" data-src=\"https:\/\/cdns.kinguin.net\/media\/category\/0\/1\/01_1268.jpg\" data- title=\"\"><\/p>\n<\/div>\n<\/div>\n<p><b>Systemanforderungen:<\/b><\/p>\n<p>Prozessor: 1 GHz oder schneller 32-Bit (x86) oder 64-Bit (x64) Prozessor<\/p>\n<p>Speicher: 1 GB RAM (32-Bit) \/ 2 GB RAM (64-Bit)<\/p>\n<p>Festplattenspeicher: 16 GB verf\u00fcgbarer Speicherplatz (32-Bit) \/ 20 GB (64-Bit); f\u00fcr die Download-Version werden zus\u00e4tzlich 3 GB ben\u00f6tigt<\/p>\n<p>Medienlaufwerk: DVD\/CD-Authoring erfordert ein kompatibles optisches Laufwerk<\/p>\n<p>Grafikkarte: DirectX 9-Grafikprozessor mit WDDM 1.0 oder h\u00f6herem Treiber<\/p>\n<p><b>Warum bei Druino kaufen?<\/b><\/p>\n<p>Echte Wiederverk\u00e4ufer von Microsoft-Software und anderen gro\u00dfen Marken.<\/p>\n<p>Alle Produkte sind authentisch mit Hersteller- und problemloser Geld-zur\u00fcck-Garantie.<\/p>\n<p>Schneller und effizienter Service, damit Sie in wenigen Minuten einsatzbereit sind.<\/p>\n<p>Kostenloser technischer Support durch erfahrene Spezialisten bei jedem Kauf.<\/p>\n<p>Preisgarantie auf alle Produkte, um sicherzustellen, dass Sie das bestm\u00f6gliche Angebot erhalten.<\/p>\n<p>100{6fdca469ca0abeff26c0517c9e5d1f8bbd85650da79e51ce3d9057da308d2297} SECURE CHECKOUT &#8211; 256-Bit SSL-f\u00e4higer sicherer Checkout mit TLS 1.2-Verschl\u00fcsselung. 3D Secure &#8211; Verified by Visa, Master Bestanden.<\/p>\n<p>Wenden Sie den auf der Startseite verf\u00fcgbaren Angebotscode an und erhalten Sie einen zus\u00e4tzlichen Rabatt auf jeden Einkauf.<\/p>\n<p>Dieser Artikel enth\u00e4lt keine Disc, sondern ist nur ein digitaler Download. Siehe untenstehende Schritte.<\/p>\n<p><b>HINWEIS: <\/b>Wenn Sie die Software bereits installiert haben, k\u00f6nnen Sie sie einfach durch Eingabe des Schl\u00fcssels aktivieren.<\/p>\n<p>(1) Sie erhalten Ihren Produktschl\u00fcssel, die Installationsanleitung und den Download-Link innerhalb von 5 Minuten bis zu 3 Stunden per E-Mail.<\/p>\n<p>Installieren Sie die Software und geben Sie Ihren 25-stelligen Produktschl\u00fcssel ein, wenn Sie dazu aufgefordert werden.<\/p>\n<p>3. vervollst\u00e4ndigen Sie die Installation anhand der in der E-Mail mit den Details enthaltenen Installationsanleitung.<\/p>\n<p>4) Aktivieren Sie das Produkt online.<\/p>\n","protected":false},"excerpt":{"rendered":"<p>Mit dem Betriebssystem Windows 7 gelang Microsoft nach dem viel geschm\u00e4hten Windows Vista eine triumphale R\u00fcckkehr ins Rampenlicht. Windows 7 brachte neue und verfeinerte Funktionen in die Landschaft und dieses Betriebssystem hat ein modernes Design im Vergleich zu seinen Vorg\u00e4ngern, einschlie\u00dflich einer neu gestalteten Taskleiste und dem Snap-Fensterverwaltungssystem. Windows 7 gibt es in drei Versionen: Home Premium, Professional und Ultimate, wobei <strong>Windows 7 Home Premium<\/strong> f\u00fcr Privatanwender und kleine Unternehmen gedacht ist.<\/p>\n<p><strong>Teil Nummer: MFR # GFC-02021<\/strong><\/p>\n","protected":false},"featured_media":20565,"comment_status":"closed","ping_status":"closed","template":"","meta":{"om_disable_all_campaigns":false,"_uf_show_specific_survey":0,"_uf_disable_surveys":false},"product_brand":[],"product_cat":[139,138],"product_tag":[],"class_list":{"0":"post-19388","1":"product","2":"type-product","3":"status-publish","4":"has-post-thumbnail","6":"product_cat-microsoft-windows-7-de","7":"product_cat-windows-de","9":"first","10":"instock","11":"virtual","12":"purchasable","13":"product-type-simple"},"_links":{"self":[{"href":"https:\/\/degitore.pro\/de\/wp-json\/wp\/v2\/product\/19388","targetHints":{"allow":["GET"]}}],"collection":[{"href":"https:\/\/degitore.pro\/de\/wp-json\/wp\/v2\/product"}],"about":[{"href":"https:\/\/degitore.pro\/de\/wp-json\/wp\/v2\/types\/product"}],"replies":[{"embeddable":true,"href":"https:\/\/degitore.pro\/de\/wp-json\/wp\/v2\/comments?post=19388"}],"version-history":[{"count":1,"href":"https:\/\/degitore.pro\/de\/wp-json\/wp\/v2\/product\/19388\/revisions"}],"predecessor-version":[{"id":19965,"href":"https:\/\/degitore.pro\/de\/wp-json\/wp\/v2\/product\/19388\/revisions\/19965"}],"wp:featuredmedia":[{"embeddable":true,"href":"https:\/\/degitore.pro\/de\/wp-json\/wp\/v2\/media\/20565"}],"wp:attachment":[{"href":"https:\/\/degitore.pro\/de\/wp-json\/wp\/v2\/media?parent=19388"}],"wp:term":[{"taxonomy":"product_brand","embeddable":true,"href":"https:\/\/degitore.pro\/de\/wp-json\/wp\/v2\/product_brand?post=19388"},{"taxonomy":"product_cat","embeddable":true,"href":"https:\/\/degitore.pro\/de\/wp-json\/wp\/v2\/product_cat?post=19388"},{"taxonomy":"product_tag","embeddable":true,"href":"https:\/\/degitore.pro\/de\/wp-json\/wp\/v2\/product_tag?post=19388"}],"curies":[{"name":"wp","href":"https:\/\/api.w.org\/{rel}","templated":true}]}}