{"id":19389,"date":"2023-08-17T10:37:30","date_gmt":"2023-08-17T10:37:30","guid":{"rendered":"https:\/\/degitore.pro\/product\/microsoft-windows-11-professional-produktschluessel-fuer-die-gesamte-lebensdauer\/"},"modified":"2026-02-17T13:57:44","modified_gmt":"2026-02-17T13:57:44","slug":"microsoft-windows-11-professional-32-64-bit-1pc","status":"publish","type":"product","link":"https:\/\/degitore.pro\/de\/Produkt\/microsoft-windows-11-professional-32-64-bit-1pc\/","title":{"rendered":"Microsoft Windows 11 Professional Produktschl\u00fcssel f\u00fcr die gesamte Lebensdauer"},"content":{"rendered":"<p>Kaufen Sie noch heute Windows 11 Professional und erhalten Sie das neueste Betriebssystem mit einer Vielzahl von leistungsstarken Funktionen, die auf Benutzerfreundlichkeit, maximale Produktivit\u00e4t, Sicherheit und Zeitersparnis durch schnelle Netzwerkverbindungen ausgelegt sind. Diese Software bietet auch eine vollst\u00e4ndige Systemsicherung mit Wiederherstellungsfunktionen und vieles mehr.<\/p>\n<p>Laden Sie die offizielle Software von <a title=\"Fenster 10\" href=\"http:\/\/microsoft.com\/en-au\/software-download\/windows11\" target=\"_blank\" rel=\"noopener noreferrer\">www.microsoft.com\/en-au\/software-download\/windows11<\/a> herunter und aktivieren Sie sie mit der mitgelieferten Lizenz, wenn Sie die Software nicht bereits installiert haben.<\/p>\n<p>Windows 11 Pro bietet einen modernen Arbeitsbereich, in dem Sie Ihren Leidenschaften in einer neuen Umgebung kreativ nachgehen k\u00f6nnen. Funktionen wie ein erneuertes Startmen\u00fc, eine neu gestaltete Taskleiste, eine optimierte Systemablage, ein verbessertes Action Center, ein neues Einstellungsfeld, Widgets, virtuelle Desktops &#8211; alles Funktionen, die Windows 11 einfach zu bedienen machen. Windows 11 Pro verf\u00fcgt \u00fcber alle in der Home-Version verf\u00fcgbaren Tools und zus\u00e4tzliche, die f\u00fcr gro\u00dfe Unternehmen n\u00fctzlich sind und von Profis verwendet werden.<\/p>\n<p><strong>Einzelhandelslizenz f\u00fcr 1PC (Vollversion &amp; Vollinstallation)<\/strong><\/p>\n<p><strong>GLOBAL License Keys &#8211; G\u00fcltig f\u00fcr jedes Land\/Gebiet\/Region weltweit<\/strong><\/p>\n<p><strong><u>Systemanforderungen:<\/u><\/strong><\/p>\n<p>Bevor Sie Windows 11 Professional herunterladen k\u00f6nnen, muss Ihr Computer die folgenden Anforderungen erf\u00fcllen:<\/p>\n<ul>\n<li>Prozessor: 1 Gigahertz (GHz) oder schneller.<\/li>\n<li>RAM: 4GB<\/li>\n<li>Freier Festplattenspeicher: 64 GB<\/li>\n<li>Grafikkarte: Microsoft DirectX 12-Grafikkarte oder h\u00f6her mit WDDM 2.0-Treiber.<\/li>\n<\/ul>\n<p><strong>Warum bei Degitore kaufen?<\/strong><\/p>\n<ul>\n<li>Echte Wiederverk\u00e4ufer von Microsoft-Software und anderen gro\u00dfen Marken.<strong><br \/>\n<\/strong><\/li>\n<li>Alle Produkte garantiert authentisch mit Hersteller &amp; stressfrei Geld zur\u00fcck Garantie.<\/li>\n<li>Schneller und effizienter Service, damit Sie in wenigen Minuten einsatzbereit sind.<\/li>\n<li>Kostenloser technischer Support durch erfahrene Spezialisten bei jedem Kauf.<\/li>\n<li>Preisgarantie auf alle Produkte, um sicherzustellen, dass Sie das bestm\u00f6gliche Angebot erhalten.<\/li>\n<li><strong>100{6fdca469ca0abeff26c0517c9e5d1f8bbd85650da79e51ce3d9057da308d2297} SECURE CHECKOUT<\/strong> &#8211; 256-Bit SSL-f\u00e4higer sicherer Checkout mit TLS 1.2-Verschl\u00fcsselung. 3D Secure &#8211; Verified by Visa, Master Bestanden.<\/li>\n<li>Wenden Sie den verf\u00fcgbaren Angebotscode auf der Startseite an und erhalten Sie einen zus\u00e4tzlichen Rabatt auf jede Bestellung.<\/li>\n<\/ul>\n<p><strong>Dieser Artikel enth\u00e4lt keine Disc, sondern ist nur ein digitaler Download. Siehe untenstehende Schritte.  <\/strong><\/p>\n<p><strong>HINWEIS: Wenn Sie die Software bereits installiert haben, k\u00f6nnen Sie sie einfach durch Eingabe des Schl\u00fcssels aktivieren.<br \/>\n<\/strong><\/p>\n<ol>\n<li>Sie erhalten Ihren Produktschl\u00fcssel, die Installationsanleitung und den Download-Link<span class=\"_5yl5\">innerhalb von 5 Minuten bis zu 3 Stunden<\/span> per E-Mail.<\/li>\n<li>Installieren Sie die Software und geben Sie Ihren 25-stelligen Produktschl\u00fcssel ein, wenn Sie dazu aufgefordert werden.<\/li>\n<li>F\u00fchren Sie die Installation anhand der in der E-Mail mit den Einzelheiten enthaltenen Installationsanleitung durch.<\/li>\n<li>Aktivieren Sie das Produkt online.<\/li>\n<\/ol>\n","protected":false},"excerpt":{"rendered":"<p><strong>Windows 11 <\/strong>ist eines der wichtigsten Windows-Updates der letzten zehn Jahre. Modern, frisch, transparent und sch\u00f6n. Vom Sperrbildschirm zum Startmen\u00fc. Genau darum geht es beim neuen<strong>Windows 11 Pro<\/strong>. Was Sie brauchen, ist n\u00e4her bei Ihnen, vereinfacht und durch die Cloud unterst\u00fctzt, um Ihnen die Anwendungen und Dokumente zu liefern, die Sie gerade brauchen.<\/p>\n<p><strong>Teilenummer: MFR # KW9-00265<\/strong><\/p>\n","protected":false},"featured_media":26261,"comment_status":"open","ping_status":"closed","template":"","meta":{"om_disable_all_campaigns":false,"_uf_show_specific_survey":0,"_uf_disable_surveys":false},"product_brand":[],"product_cat":[158,138],"product_tag":[141],"class_list":{"0":"post-19389","1":"product","2":"type-product","3":"status-publish","4":"has-post-thumbnail","6":"product_cat-microsoft-windows-11-de","7":"product_cat-windows-de","8":"product_tag-fenster","10":"first","11":"instock","12":"virtual","13":"purchasable","14":"product-type-simple"},"aioseo_notices":[],"_links":{"self":[{"href":"https:\/\/degitore.pro\/de\/wp-json\/wp\/v2\/product\/19389","targetHints":{"allow":["GET"]}}],"collection":[{"href":"https:\/\/degitore.pro\/de\/wp-json\/wp\/v2\/product"}],"about":[{"href":"https:\/\/degitore.pro\/de\/wp-json\/wp\/v2\/types\/product"}],"replies":[{"embeddable":true,"href":"https:\/\/degitore.pro\/de\/wp-json\/wp\/v2\/comments?post=19389"}],"version-history":[{"count":2,"href":"https:\/\/degitore.pro\/de\/wp-json\/wp\/v2\/product\/19389\/revisions"}],"predecessor-version":[{"id":22081,"href":"https:\/\/degitore.pro\/de\/wp-json\/wp\/v2\/product\/19389\/revisions\/22081"}],"wp:featuredmedia":[{"embeddable":true,"href":"https:\/\/degitore.pro\/de\/wp-json\/wp\/v2\/media\/26261"}],"wp:attachment":[{"href":"https:\/\/degitore.pro\/de\/wp-json\/wp\/v2\/media?parent=19389"}],"wp:term":[{"taxonomy":"product_brand","embeddable":true,"href":"https:\/\/degitore.pro\/de\/wp-json\/wp\/v2\/product_brand?post=19389"},{"taxonomy":"product_cat","embeddable":true,"href":"https:\/\/degitore.pro\/de\/wp-json\/wp\/v2\/product_cat?post=19389"},{"taxonomy":"product_tag","embeddable":true,"href":"https:\/\/degitore.pro\/de\/wp-json\/wp\/v2\/product_tag?post=19389"}],"curies":[{"name":"wp","href":"https:\/\/api.w.org\/{rel}","templated":true}]}}