{"id":22061,"date":"2023-08-17T10:31:38","date_gmt":"2023-08-17T10:31:38","guid":{"rendered":"https:\/\/degitore.pro\/product\/microsoft-office-professional-plus-2021-product-sleutel-levenslange-licentie\/"},"modified":"2026-01-23T17:45:15","modified_gmt":"2026-01-23T17:45:15","slug":"microsoft-office-2021-professional-plus-1pc","status":"publish","type":"product","link":"https:\/\/degitore.pro\/nl\/product\/microsoft-office-2021-professional-plus-1pc\/","title":{"rendered":"Microsoft Office Professional Plus 2021 Product Sleutel, Levenslange Licentie"},"content":{"rendered":"<div class=\"tab-panel\" tabindex=\"0\">\n<div>\n<div class=\"tab-panel\" tabindex=\"0\">\n<style><!-- *{ box-sizing: border-box; } :root{ --item-color : #2b579a; } body{ font-family:Sans-serif; } .box-bg { background: rgb(235,131,34); background: linear-gradient(230deg, rgba(235,131,34,1) 0%, rgba(200,76,40,1) 100%); } .main{ width: 100%; max-width: 660px; height: auto; border-radius: 20px; \/* border: solid 2px black; *\/ background-color: #f1f1f1; margin: 0 auto; box-shadow: rgba(0, 0, 0, 0.15) 1.95px 1.95px 2.6px; display: block; text-align: center; padding: 40px 0; line-height: 20px; } .para{ font-size: 18px; } \/* *************** *\/ .text-conatiner{ width: 100%; height: auto; margin-top: 50px; display: inline-block; justify-content: center; align-items: center; text-align: center; } .heading{ font-size: 30px; color: #ff5923 } .microsoftname{ max-width: 1170px; margin: 0 auto; display: flex; justify-content:space-between; align-items: center; font-size: 18px; } .microsoftname li { font-size: 16px; } li{ list-style-type: none; } \/* *************** *\/ .micro-blog{ max-width: 1300px; margin: 0 auto; } .word{ margin-top: 0; width: 100%; height: auto; border: solid 1px var(--item-color); margin-left: auto; border-radius: 100px 0px 80px 100px; display: flex; margin-bottom: 10px; align-items: center; } .circle{ height: 115px; width: 115px; background-color: var(--item-color); border-radius: 100px 100px 100px 100px; border: 1px solid #fff; display: flex; justify-content: center; align-items: center; flex-shrink: 0; } .circletext-area{ flex-grow: 1; line-height: 30px; padding: 10px 30px; color: var(--item-color); } .micro-blog { padding-top: 100px; padding-left: 5%; } .micro-blog .word:nth-child(even) { max-width: 90%; margin-left: auto; } .circle-para { margin: 0; } @media (max-width: 1023px) { .micro-blog { padding-top: 60px; padding-left: 0; } .word { display: block; border-radius: 15px; } .circle { width: 100%; height: auto; padding: 15px; border-radius: 15px; border-bottom-left-radius: 0; border-bottom-right-radius: 0; } .para { font-size: 12px; } } @media (max-width: 767px) { .micro-blog .word:nth-child(even) { max-width: 100%; } .microsoftname li { font-size: 12px; } .micro-blog { padding-top: 30px; } .text-conatiner{ margin-top: 15px; } } \/* .green.word .circle{ background-color: #207345; } *\/ --><\/style>\n<section class=\"box-bg p-md-5 pt-5 pl-3 pr-3 pb-5 mb-5 text-center\"><img decoding=\"async\" src=\"https:\/\/cdn.shopify.com\/s\/files\/1\/0646\/3904\/1759\/files\/white-icon.png?v=1653391665\" \/><\/p>\n<h1 class=\"mt-2 text-white\"><span style=\"color: #ffffff;\">Microsoft Office 2021 Professional Plus<\/span><\/h1>\n<p class=\"text-white font-weight-500 mb-0\"><span style=\"color: #ffffff;\">Jouw persoonlijke Office, altijd up-to-date. Thuis of onderweg.<\/span><\/p>\n<p>&nbsp;<\/p>\n<\/section>\n<div class=\"main\">\n<p class=\"para\"><span style=\"color: #212529;\">Download en controleer direct op de offici\u00eble website. www.office.com\/setup<\/span><\/p>\n<p class=\"para\"><span style=\"color: #212529;\">Gelicentieerd voor permanent levenslang gebruik.<\/span><\/p>\n<p class=\"para\"><span style=\"color: #212529;\">Geen abonnement.<\/span><\/p>\n<p class=\"para\"><span style=\"color: #212529;\">Geen maandelijkse of jaarlijkse terugkerende kosten.<\/span><\/p>\n<p class=\"para\"><span style=\"color: #212529;\">U ontvangt een werkende sleutel of uw geld terug.<\/span><\/p>\n<\/div>\n<p><!-- 2nd container --><\/p>\n<div class=\"text-conatiner\">\n<h3 class=\"heading\">Inbegrepen:<\/h3>\n<div class=\"microsoftname\">\n<ul>\n<li><span style=\"color: #212529;\">Microsoft Word 2021<\/span><\/li>\n<\/ul>\n<p><span style=\"color: #212529;\">&#8211;<\/span><\/p>\n<ul>\n<li><span style=\"color: #212529;\">Microsoft Excel 2021<\/span><\/li>\n<\/ul>\n<p><span style=\"color: #212529;\">&#8211;<\/span><\/p>\n<ul>\n<li><span style=\"color: #212529;\">Microsoft OneNote 2021<\/span><\/li>\n<\/ul>\n<p><span style=\"color: #212529;\">&#8211;<\/span><\/p>\n<ul>\n<li><span style=\"color: #212529;\">Microsoft Outlook 2021<\/span><\/li>\n<\/ul>\n<p><span style=\"color: #212529;\">&#8211;<\/span><\/p>\n<ul>\n<li><span style=\"color: #212529;\">Microsoft PowerPoint 2021<\/span><\/li>\n<\/ul>\n<\/div>\n<div class=\"microsoftname\">\n<ul>\n<li><span style=\"color: #212529;\">Skype for Business<\/span><\/li>\n<\/ul>\n<p><span style=\"color: #212529;\">&#8211;<\/span><\/p>\n<ul>\n<li><span style=\"color: #212529;\">Visio Professional 2021<\/span><\/li>\n<\/ul>\n<p><span style=\"color: #212529;\">&#8211;<\/span><\/p>\n<ul>\n<li><span style=\"color: #212529;\">Project Professional 2021<\/span><\/li>\n<\/ul>\n<p><span style=\"color: #212529;\">&#8211;<\/span><\/p>\n<ul>\n<li><span style=\"color: #212529;\">OneDrive for Business<\/span><\/li>\n<\/ul>\n<p><span style=\"color: #212529;\">&#8211;<\/span><\/p>\n<ul>\n<li><span style=\"color: #212529;\">Publisher Professional 2021<\/span><\/li>\n<\/ul>\n<\/div>\n<\/div>\n<p><!-- 3rd container --><\/p>\n<div class=\"micro-blog\">\n<div class=\"word\">\n<div class=\"circle\"><img decoding=\"async\" src=\"https:\/\/cdn.shopify.com\/s\/files\/1\/0646\/3904\/1759\/t\/2\/assets\/word.png?v=1656623481\" alt=\"\" \/><\/div>\n<div class=\"circletext-area\">\n<p class=\"circle-para\">Maak en deel professioneel ogende documenten met geavanceerde bewerkings-, beoordelings- en deeltools. Het nieuwe Ontwerptabblad biedt snel toegang tot functies, en Slimme Opzoeking toont relevante contextuele informatie van het web rechtstreeks binnen Word.<\/p>\n<\/div>\n<\/div>\n<div class=\"word\" style=\"--item-color: #207345;\">\n<div class=\"circle\"><img decoding=\"async\" src=\"https:\/\/cdn.shopify.com\/s\/files\/1\/0646\/3904\/1759\/t\/2\/assets\/excel.png?v=1656623454\" alt=\"\" \/><\/div>\n<div class=\"circletext-area\">\n<p class=\"circle-para\">Analyseer en visualiseer uw gegevens op nieuwe en intu\u00eftieve manieren met een frisse gebruikersinterface en uw favoriete sneltoetsen. Maak gebruik van functies zoals Analyse-hulppakket, Slicers en Formulebouwer om tijd te besparen, zodat u zich kunt concentreren op inzichten.<\/p>\n<\/div>\n<\/div>\n<div class=\"word\" style=\"--item-color: #d24626;\">\n<div class=\"circle\"><img decoding=\"async\" src=\"https:\/\/cdn.shopify.com\/s\/files\/1\/0646\/3904\/1759\/t\/2\/assets\/powerpoint.png?v=1656623474\" alt=\"\" \/><\/div>\n<div class=\"circletext-area\">\n<p class=\"circle-para\">Maak, werk samen en presenteer uw idee\u00ebn effectief met nieuwe diaovergangen en een verbeterd taakvenster Animaties. Gewikkelde opmerkingen naast uw dia&#8217;s helpen u feedback in uw presentaties te verwerken.<\/p>\n<\/div>\n<\/div>\n<div class=\"word\" style=\"--item-color: #733782;\">\n<div class=\"circle\"><img decoding=\"async\" src=\"http:\/\/degitore.pro\/note.png\" alt=\"\" \/><\/div>\n<div class=\"circletext-area\">\n<p class=\"circle-para\">Het is jouw eigen digitale notitieboek, zodat je notities, idee\u00ebn, webpagina&#8217;s, foto&#8217;s, zelfs audio en video allemaal op \u00e9\u00e9n plek kunt bewaren. Of je nu thuis bent, op kantoor of onderweg, je kunt alles meenemen waar je ook gaat terwijl je het deelt en samenwerkt met anderen.<\/p>\n<\/div>\n<\/div>\n<div class=\"word\" style=\"--item-color: #0073c5;\">\n<div class=\"circle\"><img decoding=\"async\" src=\"https:\/\/cdn.shopify.com\/s\/files\/1\/0646\/3904\/1759\/t\/2\/assets\/outlook.png?v=1656623468\" alt=\"\" \/><\/div>\n<div class=\"circletext-area\">\n<p class=\"circle-para\">Beheer eenvoudig uw e-mail, agenda, contacten en taken. Ondersteuning voor push-e-mail houdt uw inbox up-to-date, de gespreksweergave groepeert gerelateerde berichten en agenda&#8217;s kunnen zij aan zij worden bekeken voor planning.<\/p>\n<\/div>\n<\/div>\n<\/div>\n<\/div>\n<div><\/div>\n<\/div>\n<\/div>\n","protected":false},"excerpt":{"rendered":"<p>Microsoft Office 2021 Professional Plus Jouw persoonlijke Office, altijd up-to-date. Thuis of onderweg. &nbsp; Download en controleer direct op de<\/p>\n","protected":false},"featured_media":27400,"comment_status":"open","ping_status":"closed","template":"","meta":{"om_disable_all_campaigns":false,"_uf_show_specific_survey":0,"_uf_disable_surveys":false},"product_brand":[],"product_cat":[183,182],"product_tag":[184],"class_list":{"0":"post-22061","1":"product","2":"type-product","3":"status-publish","4":"has-post-thumbnail","6":"product_cat-microsoft-office-nl","7":"product_cat-microsoft-office-2021-nl","8":"product_tag-kantoor","10":"first","11":"instock","12":"virtual","13":"purchasable","14":"product-type-simple"},"aioseo_notices":[],"_links":{"self":[{"href":"https:\/\/degitore.pro\/nl\/wp-json\/wp\/v2\/product\/22061","targetHints":{"allow":["GET"]}}],"collection":[{"href":"https:\/\/degitore.pro\/nl\/wp-json\/wp\/v2\/product"}],"about":[{"href":"https:\/\/degitore.pro\/nl\/wp-json\/wp\/v2\/types\/product"}],"replies":[{"embeddable":true,"href":"https:\/\/degitore.pro\/nl\/wp-json\/wp\/v2\/comments?post=22061"}],"version-history":[{"count":10,"href":"https:\/\/degitore.pro\/nl\/wp-json\/wp\/v2\/product\/22061\/revisions"}],"predecessor-version":[{"id":24249,"href":"https:\/\/degitore.pro\/nl\/wp-json\/wp\/v2\/product\/22061\/revisions\/24249"}],"wp:featuredmedia":[{"embeddable":true,"href":"https:\/\/degitore.pro\/nl\/wp-json\/wp\/v2\/media\/27400"}],"wp:attachment":[{"href":"https:\/\/degitore.pro\/nl\/wp-json\/wp\/v2\/media?parent=22061"}],"wp:term":[{"taxonomy":"product_brand","embeddable":true,"href":"https:\/\/degitore.pro\/nl\/wp-json\/wp\/v2\/product_brand?post=22061"},{"taxonomy":"product_cat","embeddable":true,"href":"https:\/\/degitore.pro\/nl\/wp-json\/wp\/v2\/product_cat?post=22061"},{"taxonomy":"product_tag","embeddable":true,"href":"https:\/\/degitore.pro\/nl\/wp-json\/wp\/v2\/product_tag?post=22061"}],"curies":[{"name":"wp","href":"https:\/\/api.w.org\/{rel}","templated":true}]}}