{"id":22091,"date":"2023-08-17T10:37:20","date_gmt":"2023-08-17T10:37:20","guid":{"rendered":"https:\/\/degitore.pro\/product\/microsoft-office-home-business-productsleutel-voor-1mac-pc-levenslang-2019\/"},"modified":"2026-02-13T17:23:21","modified_gmt":"2026-02-13T17:23:21","slug":"microsoft-office-home-business-productsleutel-voor-1-pc-mac-lifetime-2019","status":"publish","type":"product","link":"https:\/\/degitore.pro\/nl\/product\/microsoft-office-home-business-productsleutel-voor-1-pc-mac-lifetime-2019\/","title":{"rendered":"Microsoft Office Home &#038; Business voor 1MAC\/PC, levenslang, 2019"},"content":{"rendered":"<div class=\"tab-panel\" tabindex=\"0\">\n<style>\n<!-- *{ box-sizing: border-box; } :root{ --item-color : #2b579a; } body{ font-family:Sans-serif; } .box-bg { background: rgb(235,131,34); background: linear-gradient(230deg, rgba(235,131,34,1) 0%, rgba(200,76,40,1) 100%); } .main{ width: 100%; max-width: 660px; height: auto; border-radius: 20px; \/* border: solid 2px black; *\/ background-color: #f1f1f1; margin: 0 auto; box-shadow: rgba(0, 0, 0, 0.15) 1.95px 1.95px 2.6px; display: block; text-align: center; padding: 40px 0; line-height: 20px; } .para{ font-size: 18px; } \/* *************** *\/ .text-conatiner{ width: 100%; height: auto; margin-top: 50px; display: inline-block; justify-content: center; align-items: center; text-align: center; } .heading{ font-size: 30px; color: #ff5923 } .microsoftname{ max-width: 1170px; margin: 0 auto; display: flex; justify-content:space-between; align-items: center; font-size: 18px; } .microsoftname li { font-size: 16px; } li{ list-style-type: none; } \/* *************** *\/ .micro-blog{ max-width: 1300px; margin: 0 auto; } .word{ margin-top: 0; width: 100%; height: auto; border: solid 1px var(--item-color); margin-left: auto; border-radius: 100px 0px 80px 100px; display: flex; margin-bottom: 10px; align-items: center; } .circle{ height: 115px; width: 115px; background-color: var(--item-color); border-radius: 100px 100px 100px 100px; border: 1px solid #fff; display: flex; justify-content: center; align-items: center; flex-shrink: 0; } .circletext-area{ flex-grow: 1; line-height: 30px; padding: 10px 30px; color: var(--item-color); } .micro-blog { padding-top: 100px; padding-left: 5%; } .micro-blog .word:nth-child(even) { max-width: 90%; margin-left: auto; } .circle-para { margin: 0; } @media (max-width: 1023px) { .micro-blog { padding-top: 60px; padding-left: 0; } .word { display: block; border-radius: 15px; } .circle { width: 100%; height: auto; padding: 15px; border-radius: 15px; border-bottom-left-radius: 0; border-bottom-right-radius: 0; } .para { font-size: 12px; } } @media (max-width: 767px) { .micro-blog .word:nth-child(even) { max-width: 100%; } .microsoftname li { font-size: 12px; } .micro-blog { padding-top: 30px; } .text-conatiner{ margin-top: 15px; } } \/* .green.word .circle{ background-color: #207345; } *\/ -->\n<\/style>\n<section class=\"box-bg p-md-5 pt-5 pl-3 pr-3 pb-5 mb-5 text-center\">\n<img decoding=\"async\" src=\"https:\/\/cdn.shopify.com\/s\/files\/1\/0646\/3904\/1759\/files\/white-icon.png?v=1653391665\" \/><\/p>\n<h1 class=\"mt-2 text-white\"><span style=\"color: #ffffff;\">Microsoft Office 2019 Home and Business<\/span><\/h1>\n<p class=\"text-white font-weight-500 mb-0\"><span style=\"color: #ffffff;\">Uw persoonlijke Office, altijd up-to-date. Thuis of onderweg.<\/span><\/p>\n<p>&nbsp;<\/p>\n<\/section>\n<div class=\"main\">\n<p class=\"para\"><span style=\"color: #212529;\">Download en verifieer direct op de offici\u00eble website www.office.com\/setup<\/span><\/p>\n<p class=\"para\"><span style=\"color: #212529;\">Gelicentieerd voor Permanent Levenslang gebruik op 1 PC\/MAC.<\/span><\/p>\n<p class=\"para\"><span style=\"color: #212529;\">Geen abonnement.<\/span><\/p>\n<p class=\"para\"><span style=\"color: #212529;\">Geen maandelijkse of jaarlijkse terugkerende kosten.<\/span><\/p>\n<\/div>\n<p><!-- 2e container --><\/p>\n<div class=\"text-conatiner\">\n<h3 class=\"heading\">Inclusief:<\/h3>\n<div class=\"microsoftname\">\n<ul>\n<li><span style=\"color: #212529;\">Microsoft Word 2019<\/span><\/li>\n<\/ul>\n<p><span style=\"color: #212529;\">&#8211;<\/span><\/p>\n<ul>\n<li><span style=\"color: #212529;\">Microsoft Excel 2019<\/span><\/li>\n<\/ul>\n<p><span style=\"color: #212529;\">&#8211;<\/span><\/p>\n<ul>\n<li><span style=\"color: #212529;\">Microsoft OneNote 2019<\/span><\/li>\n<\/ul>\n<p><span style=\"color: #212529;\">&#8211;<\/span><\/p>\n<ul>\n<li><span style=\"color: #212529;\">Microsoft Outlook 2019<\/span><\/li>\n<\/ul>\n<p><span style=\"color: #212529;\">&#8211;<\/span><\/p>\n<ul>\n<li><span style=\"color: #212529;\">Microsoft PowerPoint 2019<\/span><\/li>\n<\/ul>\n<\/div>\n<\/div>\n<p><!-- 3e container --><\/p>\n<div class=\"micro-blog\">\n<div class=\"word\">\n<div class=\"circle\"><img decoding=\"async\" src=\"https:\/\/cdn.shopify.com\/s\/files\/1\/0646\/3904\/1759\/t\/2\/assets\/word.png?v=1656623481\" alt=\"\" \/><\/div>\n<div class=\"circletext-area\">\n<p class=\"circle-para\">Maak en deel professioneel uitziende documenten met geavanceerde bewerkings-, beoordelings- en deeltools. Het nieuwe tabblad Ontwerpen biedt snelle toegang tot functies, en Slimme Zoekopdracht toont relevante contextinformatie van het web direct in Word.<\/p>\n<\/div>\n<\/div>\n<div class=\"word\" style=\"--item-color: #207345;\">\n<div class=\"circle\"><img decoding=\"async\" src=\"https:\/\/cdn.shopify.com\/s\/files\/1\/0646\/3904\/1759\/t\/2\/assets\/excel.png?v=1656623454\" alt=\"\" \/><\/div>\n<div class=\"circletext-area\">\n<p class=\"circle-para\">Analyseer en visualiseer uw gegevens op nieuwe en intu\u00eftieve manieren met een frisse gebruikersinterface en uw favoriete sneltoetsen. Maak gebruik van functies zoals de Analyse Toolpak, Slicers en Formulebouwer om tijd te besparen, zodat u zich kunt concentreren op inzichten.<\/p>\n<\/div>\n<\/div>\n<div class=\"word\" style=\"--item-color: #d24626;\">\n<div class=\"circle\"><img decoding=\"async\" src=\"https:\/\/cdn.shopify.com\/s\/files\/1\/0646\/3904\/1759\/t\/2\/assets\/powerpoint.png?v=1656623474\" alt=\"\" \/><\/div>\n<div class=\"circletext-area\">\n<p class=\"circle-para\">Maak, werk samen en presenteer uw idee\u00ebn effectief met nieuwe dia-overgangen en een verbeterd animatiewerkvenster. Threaded comments naast uw dia&#8217;s helpen u feedback in uw presentaties te verwerken.<\/p>\n<\/div>\n<\/div>\n<div class=\"word\" style=\"--item-color: #733782;\">\n<div class=\"circle\"><img decoding=\"async\" src=\"http:\/\/degitore.pro\/note.png\" alt=\"\" \/><\/div>\n<div class=\"circletext-area\">\n<p class=\"circle-para\">Het is uw eigen digitale notitieboek, zodat u notities, idee\u00ebn, webpagina&#8217;s, foto&#8217;s en zelfs audio en video op \u00e9\u00e9n plek kunt bewaren. Of u nu thuis, op kantoor of onderweg bent, u kunt alles met u meedragen terwijl u deelt en samenwerkt met anderen.<\/p>\n<\/div>\n<\/div>\n<div class=\"word\" style=\"--item-color: #0073c5;\">\n<div class=\"circle\"><img decoding=\"async\" src=\"https:\/\/cdn.shopify.com\/s\/files\/1\/0646\/3904\/1759\/t\/2\/assets\/outlook.png?v=1656623468\" alt=\"\" \/><\/div>\n<div class=\"circletext-area\">\n<p class=\"circle-para\">Beheer eenvoudig uw e-mail, agenda, contacten en taken. Push-e-mailondersteuning houdt uw inbox up-to-date, de conversatieweergave groepeert gerelateerde berichten en agenda&#8217;s kunnen naast elkaar worden bekeken voor planning.<\/p>\n<\/div>\n<\/div>\n<\/div>\n<\/div>\n<div class=\"tab-panel\" tabindex=\"0\">\n<div>\n<div><\/div>\n<\/div>\n<\/div>\n","protected":false},"excerpt":{"rendered":"<p>Microsoft Office 2019 Home and Business Uw persoonlijke Office, altijd up-to-date. Thuis of onderweg. &nbsp; Download en verifieer direct op<\/p>\n","protected":false},"featured_media":27743,"comment_status":"open","ping_status":"closed","template":"","meta":{"om_disable_all_campaigns":false,"_uf_show_specific_survey":0,"_uf_disable_surveys":false},"product_brand":[],"product_cat":[183,200,194],"product_tag":[184],"class_list":{"0":"post-22091","1":"product","2":"type-product","3":"status-publish","4":"has-post-thumbnail","6":"product_cat-microsoft-office-nl","7":"product_cat-microsoft-office-2019-nl","8":"product_cat-microsoft-office-voor-mac","9":"product_tag-kantoor","11":"first","12":"instock","13":"virtual","14":"purchasable","15":"product-type-simple"},"aioseo_notices":[],"_links":{"self":[{"href":"https:\/\/degitore.pro\/nl\/wp-json\/wp\/v2\/product\/22091","targetHints":{"allow":["GET"]}}],"collection":[{"href":"https:\/\/degitore.pro\/nl\/wp-json\/wp\/v2\/product"}],"about":[{"href":"https:\/\/degitore.pro\/nl\/wp-json\/wp\/v2\/types\/product"}],"replies":[{"embeddable":true,"href":"https:\/\/degitore.pro\/nl\/wp-json\/wp\/v2\/comments?post=22091"}],"version-history":[{"count":2,"href":"https:\/\/degitore.pro\/nl\/wp-json\/wp\/v2\/product\/22091\/revisions"}],"predecessor-version":[{"id":27584,"href":"https:\/\/degitore.pro\/nl\/wp-json\/wp\/v2\/product\/22091\/revisions\/27584"}],"wp:featuredmedia":[{"embeddable":true,"href":"https:\/\/degitore.pro\/nl\/wp-json\/wp\/v2\/media\/27743"}],"wp:attachment":[{"href":"https:\/\/degitore.pro\/nl\/wp-json\/wp\/v2\/media?parent=22091"}],"wp:term":[{"taxonomy":"product_brand","embeddable":true,"href":"https:\/\/degitore.pro\/nl\/wp-json\/wp\/v2\/product_brand?post=22091"},{"taxonomy":"product_cat","embeddable":true,"href":"https:\/\/degitore.pro\/nl\/wp-json\/wp\/v2\/product_cat?post=22091"},{"taxonomy":"product_tag","embeddable":true,"href":"https:\/\/degitore.pro\/nl\/wp-json\/wp\/v2\/product_tag?post=22091"}],"curies":[{"name":"wp","href":"https:\/\/api.w.org\/{rel}","templated":true}]}}